{"id":13,"date":"2014-12-01T22:18:18","date_gmt":"2014-12-01T22:18:18","guid":{"rendered":"http:\/\/pubweb.carnet.hr\/diskf\/?page_id=13"},"modified":"2015-04-21T16:41:18","modified_gmt":"2015-04-21T16:41:18","slug":"diskf-tgz","status":"publish","type":"page","link":"https:\/\/diskf.hr\/?page_id=13","title":{"rendered":"Dru\u0161tvo za istra\u017eivanja i snimanja kr\u0161kih fenomena (DISKF) Zagreb"},"content":{"rendered":"<p>&nbsp;<\/p>\n<p>&nbsp;<\/p>\n<p style=\"text-align: center\"><b>DRU\u0160TVO ZA ISTRA\u017dIVANJA I SNIMANJA KR\u0160KIH FENOMENA (DISKF) ZAGREB <\/b><\/p>\n<h1 align=\"center\"><b><i>THE SOCIETY FOR THE RESEARCH, SURVEYING AND FILMING OF KARST PHENOMENA<br \/>\nZAGREB<\/i><\/b><\/h1>\n<p align=\"center\"><a href=\"http:\/\/pubweb.carnet.hr\/diskf\/wp-content\/uploads\/sites\/217\/2014\/12\/DISKF-logo1.jpg\"><img loading=\"lazy\" decoding=\"async\" class=\"alignnone size-medium wp-image-67\" src=\"http:\/\/pubweb.carnet.hr\/diskf\/wp-content\/uploads\/sites\/217\/2014\/12\/DISKF-logo1-300x300.jpg\" alt=\"DISKF logo\" width=\"300\" height=\"300\" srcset=\"https:\/\/diskf.hr\/wp-content\/uploads\/sites\/217\/2014\/12\/DISKF-logo1-300x300.jpg 300w, https:\/\/diskf.hr\/wp-content\/uploads\/sites\/217\/2014\/12\/DISKF-logo1-150x150.jpg 150w, https:\/\/diskf.hr\/wp-content\/uploads\/sites\/217\/2014\/12\/DISKF-logo1.jpg 472w\" sizes=\"auto, (max-width: 300px) 100vw, 300px\" \/><\/a><\/p>\n<p>&nbsp;<\/p>\n<p style=\"text-align: center\"><b>Nova Ves 66,\u00a0<\/b><b style=\"line-height: 1.714285714;font-size: 1rem\">HR &#8211; 10000 <a href=\"http:\/\/www.zagreb.hr\">ZAGREB<\/a>, <a href=\"http:\/\/www.croatia.hr\/English\/default.aspx\">CROATIA<\/a><\/b><\/p>\n<h4 style=\"text-align: center\">Phone \/ fax: ** 385 1 4666 586 , mobile: ** 385 98 283 657<\/h4>\n<p style=\"text-align: center\">e-mail: <a href=\"mailto:diskf@diskf.hr\">diskf@diskf.hr<\/a><\/p>\n<p>&nbsp;<\/p>\n<p align=\"center\">Regular member of\u00a0 Croatian Speleological Federation (HSS), Zagreb Speleological Union (ZSS) and by HSS<br \/>\nalso member of Union Internationale de Speleologie (UIS)<\/p>\n<p style=\"text-align: center\"><a href=\"http:\/\/pubweb.carnet.hr\/diskf\/wp-content\/uploads\/sites\/217\/2014\/12\/hss-znakic1.jpg\"><img loading=\"lazy\" decoding=\"async\" class=\"alignnone  wp-image-68\" src=\"http:\/\/pubweb.carnet.hr\/diskf\/wp-content\/uploads\/sites\/217\/2014\/12\/hss-znakic1-300x189.jpg\" alt=\"hss znakic\" width=\"265\" height=\"167\" \/><\/a><\/p>\n<p style=\"text-align: center\"><a href=\"http:\/\/pubweb.carnet.hr\/diskf\/wp-content\/uploads\/sites\/217\/2014\/12\/zgspeleo-logo.jpg\"><img loading=\"lazy\" decoding=\"async\" class=\"alignnone size-full wp-image-86\" src=\"http:\/\/pubweb.carnet.hr\/diskf\/wp-content\/uploads\/sites\/217\/2014\/12\/zgspeleo-logo.jpg\" alt=\"zgspeleo logo\" width=\"193\" height=\"163\" \/><\/a><\/p>\n<p style=\"text-align: center\"><a href=\"http:\/\/uis-speleo.org\/\"><br \/>\n<\/a><a href=\"http:\/\/pubweb.carnet.hr\/diskf\/wp-content\/uploads\/sites\/217\/2014\/12\/uis_logo1.gif\"><img loading=\"lazy\" decoding=\"async\" class=\"alignnone  wp-image-47\" src=\"http:\/\/pubweb.carnet.hr\/diskf\/wp-content\/uploads\/sites\/217\/2014\/12\/uis_logo1.gif\" alt=\"uis_logo\" width=\"174\" height=\"164\" \/><\/a><a href=\"http:\/\/uis-speleo.org\/\"><br \/>\n<\/a><\/p>\n<p>&nbsp;<\/p>\n<hr align=\"CENTER\" size=\"2\" \/>\n<p align=\"center\"><b>WE HAVE EXPLORED, SURVEYED AND FILMED THOUSANDS OF NEW CAVES IN CROATIAN<br \/>\nKARST REGION,\u00a0 AND ON<\/b><\/p>\n<p align=\"center\"><b>INTERNATIONAL SPELEOLOGICAL EXPEDITIONS WE HAVE MADE ALL OVER THE WORLD IN LAST SEVERAL YEARS:<\/b><\/p>\n<p><a href=\"http:\/\/pubweb.carnet.hr\/diskf\/wp-content\/uploads\/sites\/217\/2014\/12\/Brazil-mali1.jpg\"><img loading=\"lazy\" decoding=\"async\" class=\"alignnone  wp-image-61\" src=\"http:\/\/pubweb.carnet.hr\/diskf\/wp-content\/uploads\/sites\/217\/2014\/12\/Brazil-mali1-300x300.jpg\" alt=\"Brazil-mali\" width=\"200\" height=\"200\" srcset=\"https:\/\/diskf.hr\/wp-content\/uploads\/sites\/217\/2014\/12\/Brazil-mali1-300x300.jpg 300w, https:\/\/diskf.hr\/wp-content\/uploads\/sites\/217\/2014\/12\/Brazil-mali1-150x150.jpg 150w, https:\/\/diskf.hr\/wp-content\/uploads\/sites\/217\/2014\/12\/Brazil-mali1-1024x1024.jpg 1024w, https:\/\/diskf.hr\/wp-content\/uploads\/sites\/217\/2014\/12\/Brazil-mali1-624x624.jpg 624w, https:\/\/diskf.hr\/wp-content\/uploads\/sites\/217\/2014\/12\/Brazil-mali1.jpg 1535w\" sizes=\"auto, (max-width: 200px) 100vw, 200px\" \/><\/a><a href=\"http:\/\/pubweb.carnet.hr\/diskf\/wp-content\/uploads\/sites\/217\/2014\/12\/Korea1.gif\"><img loading=\"lazy\" decoding=\"async\" class=\"alignnone  wp-image-50\" src=\"http:\/\/pubweb.carnet.hr\/diskf\/wp-content\/uploads\/sites\/217\/2014\/12\/Korea1.gif\" alt=\"Korea\" width=\"200\" height=\"200\" \/><\/a><a href=\"http:\/\/pubweb.carnet.hr\/diskf\/wp-content\/uploads\/sites\/217\/2014\/12\/Sibir-mali1.jpg\"><img loading=\"lazy\" decoding=\"async\" class=\"alignnone  wp-image-66\" src=\"http:\/\/pubweb.carnet.hr\/diskf\/wp-content\/uploads\/sites\/217\/2014\/12\/Sibir-mali1-298x300.jpg\" alt=\"Sibir-mali\" width=\"200\" height=\"201\" srcset=\"https:\/\/diskf.hr\/wp-content\/uploads\/sites\/217\/2014\/12\/Sibir-mali1-298x300.jpg 298w, https:\/\/diskf.hr\/wp-content\/uploads\/sites\/217\/2014\/12\/Sibir-mali1-150x150.jpg 150w, https:\/\/diskf.hr\/wp-content\/uploads\/sites\/217\/2014\/12\/Sibir-mali1-1019x1024.jpg 1019w, https:\/\/diskf.hr\/wp-content\/uploads\/sites\/217\/2014\/12\/Sibir-mali1-624x626.jpg 624w, https:\/\/diskf.hr\/wp-content\/uploads\/sites\/217\/2014\/12\/Sibir-mali1.jpg 1561w\" sizes=\"auto, (max-width: 200px) 100vw, 200px\" \/><\/a><a href=\"http:\/\/pubweb.carnet.hr\/diskf\/wp-content\/uploads\/sites\/217\/2014\/12\/Grcka-mali1.jpg\"><img loading=\"lazy\" decoding=\"async\" class=\"alignnone  wp-image-62\" src=\"http:\/\/pubweb.carnet.hr\/diskf\/wp-content\/uploads\/sites\/217\/2014\/12\/Grcka-mali1-300x300.jpg\" alt=\"Grcka-mali\" width=\"200\" height=\"200\" srcset=\"https:\/\/diskf.hr\/wp-content\/uploads\/sites\/217\/2014\/12\/Grcka-mali1-300x300.jpg 300w, https:\/\/diskf.hr\/wp-content\/uploads\/sites\/217\/2014\/12\/Grcka-mali1-150x150.jpg 150w, https:\/\/diskf.hr\/wp-content\/uploads\/sites\/217\/2014\/12\/Grcka-mali1-1024x1024.jpg 1024w, https:\/\/diskf.hr\/wp-content\/uploads\/sites\/217\/2014\/12\/Grcka-mali1-624x624.jpg 624w, https:\/\/diskf.hr\/wp-content\/uploads\/sites\/217\/2014\/12\/Grcka-mali1.jpg 1535w\" sizes=\"auto, (max-width: 200px) 100vw, 200px\" \/><img loading=\"lazy\" decoding=\"async\" class=\"alignnone  wp-image-52\" src=\"http:\/\/pubweb.carnet.hr\/diskf\/wp-content\/uploads\/sites\/217\/2014\/12\/Libanon1.gif\" alt=\"Libanon\" width=\"202\" height=\"202\" \/><img loading=\"lazy\" decoding=\"async\" class=\"alignnone size-full wp-image-56\" src=\"http:\/\/pubweb.carnet.hr\/diskf\/wp-content\/uploads\/sites\/217\/2014\/12\/Puerto-Rico1.gif\" alt=\"Puerto Rico\" width=\"200\" height=\"200\" \/><\/a><a href=\"http:\/\/pubweb.carnet.hr\/diskf\/wp-content\/uploads\/sites\/217\/2014\/12\/Iran1.gif\"><img loading=\"lazy\" decoding=\"async\" class=\"alignnone  wp-image-55\" src=\"http:\/\/pubweb.carnet.hr\/diskf\/wp-content\/uploads\/sites\/217\/2014\/12\/Iran1.gif\" alt=\"Iran\" width=\"200\" height=\"200\" \/><img loading=\"lazy\" decoding=\"async\" class=\"alignnone  wp-image-18\" src=\"http:\/\/pubweb.carnet.hr\/diskf\/wp-content\/uploads\/sites\/217\/2014\/12\/Teksas.gif\" alt=\"Teksas\" width=\"199\" height=\"199\" \/><img loading=\"lazy\" decoding=\"async\" class=\"alignnone size-full wp-image-51\" src=\"http:\/\/pubweb.carnet.hr\/diskf\/wp-content\/uploads\/sites\/217\/2014\/12\/Kanada11.gif\" alt=\"Kanada1\" width=\"200\" height=\"200\" \/><\/a><a href=\"http:\/\/pubweb.carnet.hr\/diskf\/wp-content\/uploads\/sites\/217\/2014\/12\/Libanon-20121.gif\"><img loading=\"lazy\" decoding=\"async\" class=\"alignnone  wp-image-72\" src=\"http:\/\/pubweb.carnet.hr\/diskf\/wp-content\/uploads\/sites\/217\/2014\/12\/Libanon-20121-300x300.gif\" alt=\"Libanon 2012\" width=\"200\" height=\"200\" srcset=\"https:\/\/diskf.hr\/wp-content\/uploads\/sites\/217\/2014\/12\/Libanon-20121-300x300.gif 300w, https:\/\/diskf.hr\/wp-content\/uploads\/sites\/217\/2014\/12\/Libanon-20121-150x150.gif 150w, https:\/\/diskf.hr\/wp-content\/uploads\/sites\/217\/2014\/12\/Libanon-20121-1024x1024.gif 1024w, https:\/\/diskf.hr\/wp-content\/uploads\/sites\/217\/2014\/12\/Libanon-20121-624x624.gif 624w\" sizes=\"auto, (max-width: 200px) 100vw, 200px\" \/><\/a><a href=\"http:\/\/pubweb.carnet.hr\/diskf\/wp-content\/uploads\/sites\/217\/2014\/12\/West-Virginia1.gif\"><img loading=\"lazy\" decoding=\"async\" class=\"alignnone  wp-image-71\" src=\"http:\/\/pubweb.carnet.hr\/diskf\/wp-content\/uploads\/sites\/217\/2014\/12\/Argentina2-300x300.gif\" alt=\"Argentina\" width=\"200\" height=\"200\" srcset=\"https:\/\/diskf.hr\/wp-content\/uploads\/sites\/217\/2014\/12\/Argentina2-300x300.gif 300w, https:\/\/diskf.hr\/wp-content\/uploads\/sites\/217\/2014\/12\/Argentina2-150x150.gif 150w, https:\/\/diskf.hr\/wp-content\/uploads\/sites\/217\/2014\/12\/Argentina2-1024x1024.gif 1024w, https:\/\/diskf.hr\/wp-content\/uploads\/sites\/217\/2014\/12\/Argentina2-624x624.gif 624w\" sizes=\"auto, (max-width: 200px) 100vw, 200px\" \/><img loading=\"lazy\" decoding=\"async\" class=\"alignnone  wp-image-69\" src=\"http:\/\/pubweb.carnet.hr\/diskf\/wp-content\/uploads\/sites\/217\/2014\/12\/Svicarska2-300x300.gif\" alt=\"Svicarska\" width=\"201\" height=\"201\" srcset=\"https:\/\/diskf.hr\/wp-content\/uploads\/sites\/217\/2014\/12\/Svicarska2-300x300.gif 300w, https:\/\/diskf.hr\/wp-content\/uploads\/sites\/217\/2014\/12\/Svicarska2-150x150.gif 150w, https:\/\/diskf.hr\/wp-content\/uploads\/sites\/217\/2014\/12\/Svicarska2-1024x1024.gif 1024w, https:\/\/diskf.hr\/wp-content\/uploads\/sites\/217\/2014\/12\/Svicarska2-624x624.gif 624w\" sizes=\"auto, (max-width: 201px) 100vw, 201px\" \/><\/a><\/p>\n<p align=\"center\">\u00a0You are visitor no.<\/p>\n<table border=\"0\" width=\"133\" cellspacing=\"0\" cellpadding=\"3\">\n<tbody>\n<tr>\n<td align=\"center\"><\/td>\n<\/tr>\n<tr>\n<td align=\"center\"><\/td>\n<\/tr>\n<\/tbody>\n<\/table>\n<p style=\"text-align: center\"><i>since April 1 st 1996.<\/i><\/p>\n<p style=\"text-align: center\">This service is maintained by<a href=\"mailto:diskf@diskf.hr\"> Society for research, surveying and filming on Karst Phenomena (DISKF) Zagreb<\/a><\/p>\n<p style=\"text-align: center\"><i>Page created : March 31 th, 1996<\/i><\/p>\n<p style=\"text-align: center\">Last modified: December 1 st, 2014<\/p>\n","protected":false},"excerpt":{"rendered":"<p>&nbsp; &nbsp; DRU\u0160TVO ZA ISTRA\u017dIVANJA I SNIMANJA KR\u0160KIH FENOMENA (DISKF) ZAGREB THE SOCIETY FOR THE RESEARCH, SURVEYING AND FILMING OF KARST PHENOMENA ZAGREB &nbsp; Nova Ves 66,\u00a0HR &#8211; 10000 ZAGREB, CROATIA Phone \/ fax: ** 385 1 4666 586 , mobile: ** 385 98 283 657 e-mail: diskf@diskf.hr &nbsp; Regular member of\u00a0 Croatian Speleological Federation [&hellip;]<\/p>\n","protected":false},"author":229,"featured_media":0,"parent":0,"menu_order":0,"comment_status":"closed","ping_status":"closed","template":"","meta":{"footnotes":""},"class_list":["post-13","page","type-page","status-publish","hentry"],"_links":{"self":[{"href":"https:\/\/diskf.hr\/index.php?rest_route=\/wp\/v2\/pages\/13","targetHints":{"allow":["GET"]}}],"collection":[{"href":"https:\/\/diskf.hr\/index.php?rest_route=\/wp\/v2\/pages"}],"about":[{"href":"https:\/\/diskf.hr\/index.php?rest_route=\/wp\/v2\/types\/page"}],"author":[{"embeddable":true,"href":"https:\/\/diskf.hr\/index.php?rest_route=\/wp\/v2\/users\/229"}],"replies":[{"embeddable":true,"href":"https:\/\/diskf.hr\/index.php?rest_route=%2Fwp%2Fv2%2Fcomments&post=13"}],"version-history":[{"count":0,"href":"https:\/\/diskf.hr\/index.php?rest_route=\/wp\/v2\/pages\/13\/revisions"}],"wp:attachment":[{"href":"https:\/\/diskf.hr\/index.php?rest_route=%2Fwp%2Fv2%2Fmedia&parent=13"}],"curies":[{"name":"wp","href":"https:\/\/api.w.org\/{rel}","templated":true}]}}